{"id":3083,"date":"2021-10-27T22:39:33","date_gmt":"2021-10-27T22:39:33","guid":{"rendered":"https:\/\/pucarafilms.com\/?page_id=3083"},"modified":"2023-03-02T16:03:29","modified_gmt":"2023-03-02T16:03:29","slug":"98-segundos-sin-sombra","status":"publish","type":"page","link":"https:\/\/pucarafilms.com\/en\/98-segundos-sin-sombra\/","title":{"rendered":"98 Segundos Sin Sombra"},"content":{"rendered":"<p>[vc_row][vc_column][vc_empty_space][vc_images_carousel images=&#8221;2884,2886,2888,2890,2892&#8243; img_size=&#8221;full&#8221; speed=&#8221;3500&#8243; slides_per_view=&#8221;3&#8243; autoplay=&#8221;yes&#8221; wrap=&#8221;yes&#8221;][vc_empty_space][vc_column_text css=&#8221;.vc_custom_1643398244000{background-color: #e2e2e2 !important;}&#8221;]<iframe title=\"YouTube video player\" src=\"https:\/\/www.youtube.com\/embed\/gfj7vCvfH5g\" width=\"100%\" height=\"480\" frameborder=\"0\" allowfullscreen=\"allowfullscreen\"><\/iframe>[\/vc_column_text][vc_btn title=&#8221;Click here to download the video&#8221; color=&#8221;info&#8221; size=&#8221;lg&#8221; align=&#8221;center&#8221; link=&#8221;url:https%3A%2F%2Fwww.dropbox.com%2Fs%2Fuq89fp9ljlvosds%2F98sss_Trailer%25202K_Redes.mp4%3Fdl%3D0%22|title:Descargue%20el%20video|target:%20_blank|&#8221;][vc_empty_space][vc_row_inner][vc_column_inner width=&#8221;1\/3&#8243;][vc_custom_heading text=&#8221;SYNOPSIS&#8221; font_container=&#8221;tag:h3|text_align:center|color:%23c41fb6&#8243; use_theme_fonts=&#8221;yes&#8221;][vc_column_text]Drug trafficking breaks into \u201cCulo del Mundo\u201d, a town in eastern Bolivia while sixteen-year-old Genoveva tries to survive the nuns at her school, her hostile classmates, her hopeless parents and men with weapons. Everything changes when she meets her mother&#8217;s spirit guide.[\/vc_column_text][\/vc_column_inner][vc_column_inner width=&#8221;1\/3&#8243;][vc_single_image image=&#8221;3035&#8243; img_size=&#8221;full&#8221;][\/vc_column_inner][vc_column_inner width=&#8221;1\/3&#8243;][vc_column_text]<\/p>\n<h2>98 SEGUNDOS SIN SOMBRA<\/h2>\n<p>a film by Juan Pablo Richter[\/vc_column_text][\/vc_column_inner][\/vc_row_inner][vc_custom_heading text=&#8221;DIRECTOR BIO&#8221; font_container=&#8221;tag:h3|text_align:center|color:%23c41fb6&#8243; use_theme_fonts=&#8221;yes&#8221;][vc_row_inner css=&#8221;.vc_custom_1635368202893{background-color: #e2e2e2 !important;}&#8221;][vc_column_inner width=&#8221;1\/2&#8243;][vc_column_text]Juan Pablo Richter, is the owner of a subtle and different narrative and aesthetic, and is part of the new generation of Bolivian filmmakers. A cinephile like no other, he masters the cinema from its history to its techniques, styles and aesthetics. He is a creator in essence, he does not go a day without imagining stories, writing and creating.<\/p>\n<p>Born in Trinidad, Bolivia, Juan Pablo Richter studied Film Direction and Social Communication in La Paz. He is the scriptwriter and director of \u201c98 Seconds Without Shadow\u201d, his second feature film, with \u201cEl R\u00edo\u201d (2018) the first. He is also co-director of the ISLAB Bolivia script workshop, editor of the films \u201cB\u00e1rbara\u201d, \u201cSanta Clara\u201d, \u201cGaspar\u201d and \u201cBlood Red-Ox\u201d, and screenwriter, director and editor of several short films and documentaries.[\/vc_column_text][vc_gallery type=&#8221;image_grid&#8221; images=&#8221;3029,3031&#8243; onclick=&#8221;custom_link&#8221; custom_links_target=&#8221;_blank&#8221; custom_links=&#8221;#E-8_aHR0cHMlM0ElMkYlMkZ3d3cuZmFjZWJvb2suY29tJTJGcmljaHRlcnAuanAlMkNodHRwcyUzQSUyRiUyRnd3dy5pbnN0YWdyYW0uY29tJTJGcmljaHRlcmpwJTJGJTNGdXRtX21lZGl1bSUzRGNvcHlfbGluaw==&#8221;][\/vc_column_inner][vc_column_inner width=&#8221;1\/2&#8243;][vc_single_image image=&#8221;3010&#8243; img_size=&#8221;full&#8221; alignment=&#8221;center&#8221;][\/vc_column_inner][\/vc_row_inner][vc_empty_space][vc_custom_heading text=&#8221;WITH THE SPONSORSHIP OF&#8221; font_container=&#8221;tag:h3|text_align:center|color:%23c41fb6&#8243; use_theme_fonts=&#8221;yes&#8221;][\/vc_column][\/vc_row][vc_row][vc_column width=&#8221;1\/4&#8243;][vc_single_image image=&#8221;2926&#8243; img_size=&#8221;full&#8221;][\/vc_column][vc_column width=&#8221;1\/4&#8243;][vc_single_image image=&#8221;2928&#8243; img_size=&#8221;full&#8221;][\/vc_column][vc_column width=&#8221;1\/4&#8243;][vc_single_image image=&#8221;2979&#8243; img_size=&#8221;full&#8221;][\/vc_column][vc_column width=&#8221;1\/4&#8243;][vc_single_image image=&#8221;2922&#8243; img_size=&#8221;full&#8221;][\/vc_column][\/vc_row][vc_row][vc_column width=&#8221;1\/4&#8243;][vc_single_image image=&#8221;2920&#8243; img_size=&#8221;medium&#8221;][\/vc_column][vc_column width=&#8221;1\/4&#8243;][vc_single_image image=&#8221;2916&#8243; img_size=&#8221;full&#8221;][\/vc_column][vc_column width=&#8221;1\/4&#8243;][vc_single_image image=&#8221;2924&#8243; img_size=&#8221;full&#8221;][\/vc_column][vc_column width=&#8221;1\/4&#8243;][vc_single_image image=&#8221;2918&#8243; img_size=&#8221;full&#8221;][\/vc_column][\/vc_row][vc_row][vc_column][vc_custom_heading text=&#8221;DATA SHEET&#8221; font_container=&#8221;tag:h3|text_align:center|color:%23c41fb6&#8243; use_theme_fonts=&#8221;yes&#8221;][vc_zigzag color=&#8221;black&#8221; el_border_width=&#8221;20&#8243;][vc_custom_heading text=&#8221;98 SEGUNDOS SIN SOMBRA&#8221; font_container=&#8221;tag:h3|text_align:left|color:%23000000&#8243; use_theme_fonts=&#8221;yes&#8221;][vc_column_text]A Pucara Films production in co-production with Cine-Sud Promotion (France); based on the novel by Giovanna Rivero.[\/vc_column_text][vc_message message_box_style=&#8221;solid-icon&#8221; message_box_color=&#8221;sky&#8221;]<strong>Length:<\/strong> 95 minutes<br \/>\n<strong>Gender:<\/strong> Drama\/Coming of age<br \/>\n<strong>Format:<\/strong> Digital (Arri Alexa Mini)<br \/>\n<strong>Year:<\/strong> 2021[\/vc_message][vc_custom_heading text=&#8221;CAST&#8221; font_container=&#8221;tag:h3|text_align:left|color:%23000000&#8243; use_theme_fonts=&#8221;yes&#8221;][vc_message message_box_style=&#8221;3d&#8221; style=&#8221;round&#8221; message_box_color=&#8221;violet&#8221; icon_fontawesome=&#8221;fas fa-check&#8221;]<strong>Genoveva:<\/strong> Ir\u00e1n Zeitun<br \/>\n<strong>Clara Luz:<\/strong> Geraldine Chaplin<br \/>\n<strong>Maestro Hern\u00e1n:<\/strong> Quim del R\u00edo 9*<br \/>\n<strong>In\u00e9s:<\/strong> Florencia Ram\u00edrez*<br \/>\n<strong>Lorena Vacaflor:<\/strong> Luciana Carrasco*<br \/>\n<strong>Father:<\/strong> Fernando Arze Echalar<br \/>\n<strong>Mother:<\/strong> Patricia Garc\u00eda[\/vc_message][vc_custom_heading text=&#8221;*PROTAGONISTS BIO&#8221; font_container=&#8221;tag:h4|text_align:left|color:%23000000&#8243; use_theme_fonts=&#8221;yes&#8221;][vc_tta_accordion shape=&#8221;round&#8221; color=&#8221;violet&#8221; c_icon=&#8221;&#8221; active_section=&#8221;1&#8243; no_fill=&#8221;true&#8221; collapsible_all=&#8221;true&#8221;][vc_tta_section title=&#8221;Ir\u00e1n Zeitun&#8221; tab_id=&#8221;1635348153543-5bdb0599-05e9&#8243;][vc_column_text]She is a 20-year-old Bolivian actress. She was born in Trinidad, Beni; she resides in the city of Santa Cruz since she was 8 years old. She had an interest in acting from an early age, participating in numerous plays in her school&#8217;s theater workshop until she was 13 years old. She resumed acting in 2019 in her first year of college, entering Adriana Lea Plaza&#8217;s acting workshop at UPSA. Later that year, she auditioned for Juan Pablo Richter&#8217;s film &#8220;98 SECONDS SIN SOMBRA&#8221;, landing the role of Genoveva in her acting debut. In 2021 she participated in the short film &#8220;EL CUENTO DE MAX Y EMMA&#8221; with the role of Emma.[\/vc_column_text][\/vc_tta_section][vc_tta_section title=&#8221;Fernando Arze&#8221; tab_id=&#8221;1636037014052-378137dd-671e&#8221;][vc_column_text]<a href=\"https:\/\/www.fernandoarzeechalar.com\/biografia\/\">Read his bio here<\/a>[\/vc_column_text][\/vc_tta_section][vc_tta_section title=&#8221;Geraldine Chaplin&#8221; tab_id=&#8221;1636037164129-4c04e66d-f9c3&#8243;][vc_column_text]<a href=\"https:\/\/www.imdb.com\/name\/nm0001036\/bio\">Read her bio here<\/a>[\/vc_column_text][\/vc_tta_section][vc_tta_section title=&#8221;Patricia Garc\u00eda&#8221; tab_id=&#8221;1636122966004-0a4f4757-4a6c&#8221;][vc_column_text]Actress, director and theater educator. Lic in education. She trained and worked in Bolivia, Argentina and France since 1995. She trained in dance and music at the same time. She participated in more than 15 international theater, music and dance festivals such as the Avignon Festival. Since 2002, she has been a creative partner of the companies. Kikntear and Scene 163. ella Hoy she is the director of the Escenalmargen collective and the Ser y Estar Workshop, a training project for young actors and promotion of contemporary dramaturgy.<\/p>\n<p>She started her work in audiovisual as an assistant director, she worked as an actress in film and television with the best Bolivian directors, she was also a casting director and acting coach. In film, she worked as a leading and supporting actress in the feature films Forgotten, Sleeping Beauty, Anomaly, Red Yellow and Green and T\u00fa Me Manques. In television series she participated in &#8220;I am still the King&#8221; and &#8220;The Delivery&#8221;. She acted in various short films and video clips.<\/p>\n<p>In 2019 she participates as an actress in the film \u201c98 Seconds Without Shadow\u201d by Juan Pablo Richter, to premiere on November 25, 2021.[\/vc_column_text][\/vc_tta_section][vc_tta_section title=&#8221;Quim Del R\u00edo&#8221; tab_id=&#8221;1636037109372-86270480-4513&#8243;][vc_column_text]He is a Bolivian actor and producer who graduated from the William Esper School of Dramatic Arts in New York. Throughout his career, Quim has worked with national and international filmmakers and directors on feature films, short films, and plays. He has worked with Bolivian directors Rodrigo Bellott in &#8220;Tu me manques&#8221; and Juan Pablo Richter in &#8220;98 Seconds Without Shadow&#8221; and &#8220;The story of Max and Emma&#8221;; Egyptian-American director Sam Abbas in &#8220;Alia&#8217;s Birth&#8221;; the American director Heidi Ewig in &#8220;I carry you with me&#8221;; and Puerto Rican director Kristian Mercado in &#8220;Mariposa&#8221;.)[\/vc_column_text][\/vc_tta_section][vc_tta_section title=&#8221;Florencia Ram\u00edrez&#8221; tab_id=&#8221;1635348885818-a7b6ce09-493f&#8221;][vc_column_text]Is a 20-year-old Bolivian artist who currently resides in Berlin where she studies design. Flor expresses and experiences her passion for art in different ways, especially through drawing and painting. Her love for cinema made her find another form of expression in acting. Her first role as an actress was in Juan Pablo Richter&#8217;s film &#8220;98 seconds without shadow.&#8221;[\/vc_column_text][\/vc_tta_section][vc_tta_section title=&#8221;Luciana Carrasco&#8221; tab_id=&#8221;1635350814159-04c0d654-db17&#8243;][vc_column_text]Is a Bolivian actress and dancer born on June 2, 2004 in Santa Cruz de la Sierra, Bolivia. Her interest in art began with drawing when she was 5 years old. At the age of 8 she began to dance competitively and came to represent Bolivia in international competitions such as the HHI in the United States and the Latin Fest in Latin America, among others. She began acting at the age of 13 in local films and series and starred in the short film &#8220;Sarah&#8221; and later achieved the role of Lorena Vacaflor in the film &#8220;98 seconds without shadow&#8221;, directed by Juan Pablo Richter, at age 15.)[\/vc_column_text][\/vc_tta_section][\/vc_tta_accordion][vc_custom_heading text=&#8221;CREW&#8221; font_container=&#8221;tag:h3|text_align:left|color:%23000000&#8243; use_theme_fonts=&#8221;yes&#8221;][vc_message message_box_style=&#8221;solid-icon&#8221; style=&#8221;square&#8221; message_box_color=&#8221;black&#8221; icon_type=&#8221;pixelicons&#8221; icon_pixelicons=&#8221;vc_pixel_icon vc_pixel_icon-tick&#8221;]<strong>Script and Direction:<\/strong> Juan Pablo Richter<br \/>\n<strong>Production:<\/strong> Paola Gosalvez<br \/>\n<strong>Direction of Photography:<\/strong> Luis Otero<br \/>\n<strong>Montage:<\/strong> Eliane D. Katz<br \/>\n<strong>Art Direction:<\/strong> Camilo Barreto<br \/>\n<strong>Music:<\/strong> Gabriel Lema<br \/>\n<strong>Costume Design:<\/strong> Maite Tarilonte<br \/>\n<strong>Direct Sound:<\/strong> Gonzalo Quintana<br \/>\n<strong>Sound Design:<\/strong> Mauricio L\u00f3pez<br \/>\n<strong>VFX:<\/strong> David Mich\u00e1n[\/vc_message][vc_custom_heading text=&#8221;FILMING LOCATIONS&#8221; font_container=&#8221;tag:h3|text_align:left|color:%23000000&#8243; use_theme_fonts=&#8221;yes&#8221;][vc_message message_box_style=&#8221;solid-icon&#8221; message_box_color=&#8221;orange&#8221;]<\/p>\n<ul>\n<li>La Guardia<\/li>\n<li>Porongo<\/li>\n<li>Santa Cruz de la Sierra<\/li>\n<\/ul>\n<p>[\/vc_message][vc_zigzag color=&#8221;black&#8221; el_border_width=&#8221;20&#8243;][vc_empty_space][vc_custom_heading text=&#8221;iMDb page: 98 Seconds without Shadow &#8211; IMDb&#8221; font_container=&#8221;tag:h3|text_align:center|color:%23c41fb6&#8243; use_theme_fonts=&#8221;yes&#8221; link=&#8221;url:https%3A%2F%2Fwww.imdb.com%2Ftitle%2Ftt8940852%2F%3Fref_%3Dext_shr_lnk|||&#8221;][vc_empty_space][\/vc_column][\/vc_row][vc_row gap=&#8221;30&#8243; content_placement=&#8221;middle&#8221; css=&#8221;.vc_custom_1635369312647{background-color: #e2e2e2 !important;}&#8221;][vc_column width=&#8221;1\/2&#8243; css=&#8221;.vc_custom_1635368885633{background-color: #e2e2e2 !important;}&#8221;][vc_custom_heading text=&#8221;RELEASES IN BOLIVIA&#8221; font_container=&#8221;tag:h3|text_align:left|color:%23000000&#8243; use_theme_fonts=&#8221;yes&#8221;][vc_column_text]<\/p>\n<p style=\"text-align: left;\">CINEMATECA BOLIVIANA: 19:15<\/p>\n<p>[\/vc_column_text][\/vc_column][vc_column width=&#8221;1\/2&#8243;][vc_custom_heading text=&#8221;FOLLOW US&#8221; font_container=&#8221;tag:h3|text_align:left|color:%23000000&#8243; use_theme_fonts=&#8221;yes&#8221;][vc_gallery type=&#8221;image_grid&#8221; images=&#8221;3029,3031&#8243; onclick=&#8221;custom_link&#8221; custom_links_target=&#8221;_blank&#8221; custom_links=&#8221;#E-8_aHR0cHMlM0ElMkYlMkZ3d3cuZmFjZWJvb2suY29tJTJGOThzZWd1bmRvc3NpbnNvbWJyYSUyRiUyQ2h0dHBzJTNBJTJGJTJGd3d3Lmluc3RhZ3JhbS5jb20lMkY5OHNzc19wZWxpY3VsYSUyRg==&#8221;][\/vc_column][\/vc_row][vc_row][vc_column][vc_empty_space][vc_custom_heading text=&#8221;PRESS&#8221; font_container=&#8221;tag:h3|text_align:center|color:%23c41fb6&#8243; use_theme_fonts=&#8221;yes&#8221;][vc_custom_heading text=&#8221;PRESS KIT&#8221; font_container=&#8221;tag:h3|text_align:left&#8221; use_theme_fonts=&#8221;yes&#8221;][vc_row_inner][vc_column_inner width=&#8221;1\/4&#8243;][vc_single_image image=&#8221;3065&#8243; img_size=&#8221;medium&#8221; onclick=&#8221;custom_link&#8221; img_link_target=&#8221;_blank&#8221; link=&#8221;https:\/\/docs.google.com\/document\/d\/1I5Fb8LyMSx_HpjAiYG8eyE2DZy4gWccS\/edit?usp=sharing&amp;ouid=116366331585665262290&amp;rtpof=true&amp;sd=true&#8221;][vc_column_text]<\/p>\n<p style=\"text-align: center;\"><a href=\"https:\/\/docs.google.com\/document\/d\/1I5Fb8LyMSx_HpjAiYG8eyE2DZy4gWccS\/edit?usp=sharing&amp;ouid=116366331585665262290&amp;rtpof=true&amp;sd=true\">Director Bio<\/a><\/p>\n<p>[\/vc_column_text][\/vc_column_inner][vc_column_inner width=&#8221;1\/4&#8243;][vc_single_image image=&#8221;3065&#8243; img_size=&#8221;medium&#8221; onclick=&#8221;custom_link&#8221; img_link_target=&#8221;_blank&#8221; link=&#8221;https:\/\/docs.google.com\/document\/d\/1Szf7kLjpD539eMJ1-kUf3lYqToFR0_CR\/edit?usp=sharing&amp;ouid=116366331585665262290&amp;rtpof=true&amp;sd=true&#8221;][vc_column_text]<\/p>\n<p style=\"text-align: center;\"><a href=\"https:\/\/docs.google.com\/document\/d\/1Szf7kLjpD539eMJ1-kUf3lYqToFR0_CR\/edit?usp=sharing&amp;ouid=116366331585665262290&amp;rtpof=true&amp;sd=true\">Paola Gosalvez Bio<\/a><\/p>\n<p>[\/vc_column_text][\/vc_column_inner][vc_column_inner width=&#8221;1\/4&#8243;][vc_single_image image=&#8221;3065&#8243; img_size=&#8221;medium&#8221; onclick=&#8221;custom_link&#8221; img_link_target=&#8221;_blank&#8221; link=&#8221;https:\/\/docs.google.com\/document\/d\/1cQYJQBUTOiD_8ynmNChEZSMc79P4O6qQ\/edit?usp=sharing&amp;ouid=116366331585665262290&amp;rtpof=true&amp;sd=true&#8221;][vc_column_text]<\/p>\n<p style=\"text-align: center;\"><a href=\"https:\/\/docs.google.com\/document\/d\/1cQYJQBUTOiD_8ynmNChEZSMc79P4O6qQ\/edit?usp=sharing&amp;ouid=116366331585665262290&amp;rtpof=true&amp;sd=true\">Bio of actors<\/a><\/p>\n<p>[\/vc_column_text][\/vc_column_inner][vc_column_inner width=&#8221;1\/4&#8243;][vc_single_image image=&#8221;3065&#8243; img_size=&#8221;medium&#8221; onclick=&#8221;custom_link&#8221; img_link_target=&#8221;_blank&#8221; link=&#8221;https:\/\/docs.google.com\/document\/d\/1HgjrueDlS7teqGurCraUJgYWjPRGpQv3\/edit?usp=sharing&amp;ouid=116366331585665262290&amp;rtpof=true&amp;sd=true&#8221;][vc_column_text]<\/p>\n<p style=\"text-align: center;\"><a href=\"https:\/\/docs.google.com\/document\/d\/1HgjrueDlS7teqGurCraUJgYWjPRGpQv3\/edit?usp=sharing&amp;ouid=116366331585665262290&amp;rtpof=true&amp;sd=true\">Data Sheet<\/a><\/p>\n<p>[\/vc_column_text][\/vc_column_inner][\/vc_row_inner][vc_row_inner][vc_column_inner width=&#8221;1\/4&#8243;][vc_single_image image=&#8221;3065&#8243; img_size=&#8221;medium&#8221; onclick=&#8221;custom_link&#8221; img_link_target=&#8221;_blank&#8221; link=&#8221;https:\/\/docs.google.com\/document\/d\/1Yb6gGOgVDV2q6iQw_p0uspROeD3ejGdQ\/edit?usp=sharing&amp;ouid=116366331585665262290&amp;rtpof=true&amp;sd=true&#8221;][vc_column_text]<\/p>\n<p style=\"text-align: center;\"><a href=\"https:\/\/docs.google.com\/document\/d\/1Yb6gGOgVDV2q6iQw_p0uspROeD3ejGdQ\/edit?usp=sharing&amp;ouid=116366331585665262290&amp;rtpof=true&amp;sd=true\">Press release<\/a><\/p>\n<p>[\/vc_column_text][\/vc_column_inner][vc_column_inner width=&#8221;1\/4&#8243;][vc_single_image image=&#8221;3065&#8243; img_size=&#8221;medium&#8221; onclick=&#8221;custom_link&#8221; img_link_target=&#8221;_blank&#8221; link=&#8221;https:\/\/drive.google.com\/file\/d\/1_PPK8HMfui3RAVhz8yisdEaDMqBObY2M\/view?usp=sharing&#8221;][vc_column_text]<\/p>\n<p style=\"text-align: center;\"><a href=\"https:\/\/drive.google.com\/file\/d\/1_PPK8HMfui3RAVhz8yisdEaDMqBObY2M\/view?usp=sharing\">Trailer<\/a><\/p>\n<p>[\/vc_column_text][\/vc_column_inner][vc_column_inner width=&#8221;1\/4&#8243;][vc_single_image image=&#8221;3065&#8243; img_size=&#8221;medium&#8221; onclick=&#8221;custom_link&#8221; img_link_target=&#8221;_blank&#8221; link=&#8221;https:\/\/drive.google.com\/file\/d\/1Yp3VctdMiuSJaJciZsf-FhzyOar_0glF\/view?usp=sharing&#8221;][vc_column_text]<\/p>\n<p style=\"text-align: center;\"><a href=\"https:\/\/drive.google.com\/file\/d\/1Yp3VctdMiuSJaJciZsf-FhzyOar_0glF\/view?usp=sharing\">Poster<\/a><\/p>\n<p>[\/vc_column_text][\/vc_column_inner][vc_column_inner width=&#8221;1\/4&#8243;][vc_single_image image=&#8221;3065&#8243; img_size=&#8221;medium&#8221; onclick=&#8221;custom_link&#8221; img_link_target=&#8221;_blank&#8221; link=&#8221;https:\/\/drive.google.com\/drive\/folders\/1lGOB6LYkopCD7mnxqjKFWpi9CPjEnyKM&#8221;][vc_column_text]<\/p>\n<p style=\"text-align: center;\"><a href=\"https:\/\/drive.google.com\/drive\/folders\/1lGOB6LYkopCD7mnxqjKFWpi9CPjEnyKM\">Photos<\/a><\/p>\n<p>[\/vc_column_text][\/vc_column_inner][\/vc_row_inner][vc_empty_space][vc_custom_heading text=&#8221;THE FILM IN THE MEDIA&#8221; font_container=&#8221;tag:h3|text_align:left&#8221; use_theme_fonts=&#8221;yes&#8221;][vc_empty_space][vc_row_inner][vc_column_inner][vc_column_text]<\/p>\n<h4 class=\"title\"><a href=\"https:\/\/www.la-razon.com\/la-revista\/2021\/11\/01\/98-segundos-sin-sombra-ya-tiene-fecha-de-estreno\/\">\u201898 segundos sin sombra\u2019 ya tiene fecha de estreno<\/a><\/h4>\n<p>[\/vc_column_text][vc_column_text]<\/p>\n<h4 class=\"entry-title\"><a href=\"https:\/\/www.ahoraelpueblo.bo\/98-segundos-sin-sombra-compite-en-el-extranjero\/\">\u201898 segundos sin sombra\u2019 compite en el extranjero<\/a><\/h4>\n<p>[\/vc_column_text][vc_column_text]<\/p>\n<h4 class=\"title\"><a href=\"https:\/\/www.opinion.com.bo\/articulo\/cultura\/pelicula-nacional-98-segundos-sombra-llegara-salas-pais-25-noviembre\/20211028092157840906.html\">Pel\u00edcula nacional &#8220;98 segundos sin sombra&#8221; llegar\u00e1 a salas del pa\u00eds el 25 de noviembre<\/a><\/h4>\n<p>[\/vc_column_text][vc_column_text]<\/p>\n<h4 class=\"entry-title penci-entry-title penci-title-\"><a href=\"https:\/\/talcual.bo\/life-style\/arte-cultura\/98-segundos-sin-sombra-el-nuevo-film-del-boliviano-juan-pablo-richter-compite-en-festival-black-nights\/\">\u00ab98 Segundos Sin Sombra\u00bb, el nuevo film del boliviano Juan Pablo Richter compite en festival Black Nights<\/a><\/h4>\n<p>[\/vc_column_text][vc_column_text]<\/p>\n<h4 style=\"text-align: left;\"><a href=\"https:\/\/eldeber.com.bo\/gente\/el-filme-98-segundos-sin-sombra-se-estrena-en-noviembre-y-compite-en-el-festival-black-nights_252723\">El filme &#8220;98 segundos sin sombra&#8221; se estrena en noviembre y compite en el Festival Black Nights<\/a><\/h4>\n<p>[\/vc_column_text][vc_column_text]<\/p>\n<h4 class=\"item_title visible-first visible\" style=\"text-align: left;\"><a href=\"http:\/\/noticine.com\/noticias\/estrenos\/31326-pelicula-boliviana-de-geraldine-chaplin-98-segundos-sin-sombra-lista-para-estrenarse-sin-fecha.html\">Pel\u00edcula boliviana de Geraldine Chaplin, &#8220;98 segundos sin sombra&#8221;, lista para estrenarse&#8230; sin fecha<\/a><\/h4>\n<p>[\/vc_column_text][vc_column_text]<\/p>\n<h4 class=\"title\" style=\"text-align: left;\"><a href=\"https:\/\/www.la-razon.com\/la-revista\/2021\/01\/04\/juan-pablo-richter-termina-la-produccion-de-98-segundos-sin-sombra\/\">Juan Pablo Richter termina la producci\u00f3n de \u201898 segundos sin sombra\u2019<\/a><\/h4>\n<p>[\/vc_column_text][vc_column_text]<\/p>\n<h4 class=\"title\" style=\"text-align: left;\"><a href=\"https:\/\/www.opinion.com.bo\/articulo\/cultura\/gio-rivero-reflexiona-obra-charla-paola-senseve-juan-pablo-richter\/20211027010600840749.html\">Gio Rivero reflexiona sobre su obra en charla con Paola Senseve y Juan Pablo Richter<\/a><\/h4>\n<p>[\/vc_column_text][vc_column_text]<\/p>\n<h4 class=\"titular\" style=\"text-align: left;\"><a href=\"https:\/\/www.paginasiete.bo\/cultura\/2019\/12\/3\/con-geraldine-chaplin-finaliza-el-rodaje-de-98-segundos-sin-sombra-239241.html\">Con Geraldine Chaplin finaliza el rodaje de 98 segundos sin sombra<\/a><\/h4>\n<p>[\/vc_column_text][\/vc_column_inner][\/vc_row_inner][vc_empty_space][vc_custom_heading text=&#8221;CONTACT US&#8221; font_container=&#8221;tag:h3|text_align:left&#8221; use_theme_fonts=&#8221;yes&#8221;][vc_column_text]Pucara Films &#8211; Press, Promotion and Advertising<br \/>\nContact: <a href=\"mailto:produccion@pucarafilms.com\">produccion@pucarafilms.com<\/a>[\/vc_column_text][\/vc_column][\/vc_row]<\/p>\n","protected":false},"excerpt":{"rendered":"<p>[vc_row][vc_column][vc_empty_space][vc_images_carousel images=&#8221;2884,2886,2888,2890,2892&#8243; img_size=&#8221;full&#8221; speed=&#8221;3500&#8243; slides_per_view=&#8221;3&#8243; autoplay=&#8221;yes&#8221; wrap=&#8221;yes&#8221;][vc_empty_space][vc_column_text css=&#8221;.vc_custom_1643398244000{background-color: #e2e2e2 !important;}&#8221;][\/vc_column_text][vc_btn title=&#8221;Click here to download the video&#8221; color=&#8221;info&#8221; size=&#8221;lg&#8221; align=&#8221;center&#8221; link=&#8221;url:https%3A%2F%2Fwww.dropbox.com%2Fs%2Fuq89fp9ljlvosds%2F98sss_Trailer%25202K_Redes.mp4%3Fdl%3D0%22|title:Descargue%20el%20video|target:%20_blank|&#8221;][vc_empty_space][vc_row_inner][vc_column_inner [&hellip;]<\/p>\n","protected":false},"author":1,"featured_media":0,"parent":0,"menu_order":0,"comment_status":"closed","ping_status":"closed","template":"","meta":[],"_links":{"self":[{"href":"https:\/\/pucarafilms.com\/en\/wp-json\/wp\/v2\/pages\/3083\/"}],"collection":[{"href":"https:\/\/pucarafilms.com\/en\/wp-json\/wp\/v2\/pages\/"}],"about":[{"href":"https:\/\/pucarafilms.com\/en\/wp-json\/wp\/v2\/types\/page\/"}],"author":[{"embeddable":true,"href":"https:\/\/pucarafilms.com\/en\/wp-json\/wp\/v2\/users\/1\/"}],"replies":[{"embeddable":true,"href":"https:\/\/pucarafilms.com\/en\/wp-json\/wp\/v2\/comments\/?post=3083"}],"version-history":[{"count":26,"href":"https:\/\/pucarafilms.com\/en\/wp-json\/wp\/v2\/pages\/3083\/revisions\/"}],"predecessor-version":[{"id":3446,"href":"https:\/\/pucarafilms.com\/en\/wp-json\/wp\/v2\/pages\/3083\/revisions\/3446\/"}],"wp:attachment":[{"href":"https:\/\/pucarafilms.com\/en\/wp-json\/wp\/v2\/media\/?parent=3083"}],"curies":[{"name":"wp","href":"https:\/\/api.w.org\/{rel}","templated":true}]}}